{"id":320,"date":"2024-06-18T02:29:35","date_gmt":"2024-06-18T00:29:35","guid":{"rendered":"https:\/\/educapro.cl\/edp\/home\/"},"modified":"2025-10-06T17:11:13","modified_gmt":"2025-10-06T15:11:13","slug":"home","status":"publish","type":"page","link":"https:\/\/educapro.cl\/edp\/","title":{"rendered":"Inicio"},"content":{"rendered":"\n<div class=\"wp-block-uagb-container uagb-block-b6292f26 alignfull uagb-is-root-container\"><div class=\"uagb-container-inner-blocks-wrap\">\n<div class=\"wp-block-uagb-container uagb-block-e69e27e9\">\n<div class=\"wp-block-uagb-info-box uagb-block-f2f5b4e6 uagb-infobox__content-wrap  uagb-infobox-icon-below-title uagb-infobox-image-valign-top\"><div class=\"uagb-ifb-content\"><div class=\"uagb-ifb-title-wrap\"><h2 class=\"uagb-ifb-title\"><br><br><strong>Transformamos la educaci\u00f3n a trav\u00e9s de la tecnolog\u00eda<\/strong><br><\/h2><\/div><div class=\"uagb-ifb-icon-wrap\"><svg xmlns=\"https:\/\/www.w3.org\/2000\/svg\" viewBox=\"0 0 512 512\"><path d=\"M256 0C114.6 0 0 114.6 0 256c0 141.4 114.6 256 256 256s256-114.6 256-256C512 114.6 397.4 0 256 0zM382.6 302.6l-103.1 103.1C270.7 414.6 260.9 416 256 416c-4.881 0-14.65-1.391-22.65-9.398L129.4 302.6c-12.5-12.5-12.5-32.75 0-45.25s32.75-12.5 45.25 0L224 306.8V128c0-17.69 14.33-32 32-32s32 14.31 32 32v178.8l49.38-49.38c12.5-12.5 32.75-12.5 45.25 0S395.1 290.1 382.6 302.6z\"><\/path><\/svg><\/div><\/div><\/div>\n\n\n\n<div class=\"wp-block-uagb-info-box uagb-block-5998fd50 uagb-infobox__content-wrap  uagb-infobox-icon-above-title uagb-infobox-image-valign-top\"><div class=\"uagb-ifb-content\"><div class=\"uagb-ifb-icon-wrap\"><svg xmlns=\"https:\/\/www.w3.org\/2000\/svg\" viewBox=\"0 0 512 512\"><path d=\"M0 256C0 114.6 114.6 0 256 0C397.4 0 512 114.6 512 256C512 397.4 397.4 512 256 512C114.6 512 0 397.4 0 256zM371.8 211.8C382.7 200.9 382.7 183.1 371.8 172.2C360.9 161.3 343.1 161.3 332.2 172.2L224 280.4L179.8 236.2C168.9 225.3 151.1 225.3 140.2 236.2C129.3 247.1 129.3 264.9 140.2 275.8L204.2 339.8C215.1 350.7 232.9 350.7 243.8 339.8L371.8 211.8z\"><\/path><\/svg><\/div><div class=\"uagb-ifb-title-wrap\"><h3 class=\"uagb-ifb-title\"><strong>Implementaci\u00f3n de libro de clases virtual y <strong> plataformas e-learning Moodle <\/strong><\/strong><strong>para su instituci\u00f3n<\/strong><\/h3><\/div><\/div><\/div>\n<\/div>\n<\/div><\/div>\n\n\n\n<div class=\"wp-block-uagb-container uagb-block-79703010 alignfull uagb-is-root-container\"><div class=\"uagb-container-inner-blocks-wrap\">\n<div class=\"wp-block-uagb-container uagb-block-6f168862 default uagb-is-root-container\">\n<div class=\"wp-block-uagb-container uagb-block-ce6689d5\">\n<div class=\"wp-block-uagb-advanced-heading uagb-block-534e1609\"><\/div>\n\n\n\n<div class=\"wp-block-uagb-advanced-heading uagb-block-6727d735\"><h4 class=\"uagb-heading-text\"> LMS Moodle y H5P<\/h4><p class=\"uagb-desc-text\">Aula virtual y plataforma  educacional interactiva<\/p><\/div>\n\n\n\n<div class=\"wp-block-uagb-advanced-heading uagb-block-54699d0e\"><h4 class=\"uagb-heading-text\"> <\/h4><\/div>\n\n\n\n<div class=\"wp-block-uagb-buttons uagb-buttons__outer-wrap uagb-btn__default-btn uagb-btn-tablet__default-btn uagb-btn-mobile__default-btn uagb-block-8f258772\"><div class=\"uagb-buttons__wrap uagb-buttons-layout-wrap \">\n<div class=\"wp-block-uagb-buttons-child uagb-buttons__outer-wrap uagb-block-969fb275 wp-block-button\"><div class=\"uagb-button__wrapper\"><a class=\"uagb-buttons-repeater wp-block-button__link\" aria-label=\"\" href=\"https:\/\/educapro.cl\/aulavirtual\/?redirect=0\" rel=\"follow noopener\" target=\"_self\" role=\"button\"><div class=\"uagb-button__link\">Ver Aula virtual<\/div><\/a><\/div><\/div>\n<\/div><\/div>\n<\/div>\n\n\n\n<div class=\"wp-block-uagb-container uagb-block-12834130\">\n<div class=\"wp-block-uagb-advanced-heading uagb-block-70a6f0f9\"><\/div>\n\n\n\n<div class=\"wp-block-uagb-advanced-heading uagb-block-b554a057\"><h4 class=\"uagb-heading-text\">Libro de Clases Virtual<\/h4><p class=\"uagb-desc-text\">Seg\u00fan requerimientos de MINEDUC<\/p><\/div>\n\n\n\n<div class=\"wp-block-uagb-advanced-heading uagb-block-fefffb01\"><h4 class=\"uagb-heading-text\"> <\/h4><\/div>\n\n\n\n<div class=\"wp-block-uagb-buttons uagb-buttons__outer-wrap uagb-btn__default-btn uagb-btn-tablet__default-btn uagb-btn-mobile__default-btn uagb-block-e24dc1aa\"><div class=\"uagb-buttons__wrap uagb-buttons-layout-wrap \">\n<div class=\"wp-block-uagb-buttons-child uagb-buttons__outer-wrap uagb-block-51244d51 wp-block-button\"><div class=\"uagb-button__wrapper\"><a class=\"uagb-buttons-repeater wp-block-button__link\" aria-label=\"\" href=\"https:\/\/educapro.cl\/sisgestionescolar\/\" rel=\"follow noopener\" target=\"_self\" role=\"button\"><div class=\"uagb-button__link\">Ver Libro Virtual<\/div><\/a><\/div><\/div>\n<\/div><\/div>\n<\/div>\n\n\n\n<div class=\"wp-block-uagb-container uagb-block-057f8b99\">\n<div class=\"wp-block-uagb-advanced-heading uagb-block-e916a139\"><\/div>\n\n\n\n<div class=\"wp-block-uagb-advanced-heading uagb-block-e9c53507\"><h4 class=\"uagb-heading-text\">Dise\u00f1o de Sitio Web<\/h4><p class=\"uagb-desc-text\">Implementaci\u00f3n de Sitio Web Institucional<\/p><\/div>\n\n\n\n<div class=\"wp-block-uagb-advanced-heading uagb-block-cffb6836\"><h4 class=\"uagb-heading-text\"> <\/h4><\/div>\n\n\n\n<div class=\"wp-block-uagb-buttons uagb-buttons__outer-wrap uagb-btn__default-btn uagb-btn-tablet__default-btn uagb-btn-mobile__default-btn uagb-block-d2ff7754\"><div class=\"uagb-buttons__wrap uagb-buttons-layout-wrap \">\n<div class=\"wp-block-uagb-buttons-child uagb-buttons__outer-wrap uagb-block-63d5b7a8 wp-block-button\"><div class=\"uagb-button__wrapper\"><a class=\"uagb-buttons-repeater wp-block-button__link\" aria-label=\"\" href=\"https:\/\/colegio1.educapro.cl\/\" rel=\"follow noopener\" target=\"_self\" role=\"button\"><div class=\"uagb-button__link\">Ver sitio web<\/div><\/a><\/div><\/div>\n<\/div><\/div>\n<\/div>\n<\/div>\n\n\n\n<div class=\"wp-block-uagb-buttons uagb-buttons__outer-wrap uagb-btn__default-btn uagb-btn-tablet__default-btn uagb-btn-mobile__default-btn uagb-block-ef0b0272\"><div class=\"uagb-buttons__wrap uagb-buttons-layout-wrap \">\n<div class=\"wp-block-uagb-buttons-child uagb-buttons__outer-wrap uagb-block-c47e414f wp-block-button\"><div class=\"uagb-button__wrapper\"><a class=\"uagb-buttons-repeater wp-block-button__link\" aria-label=\"\" href=\"https:\/\/educapro.cl\/edp\/contact\/\" rel=\"follow noopener\" target=\"_self\" role=\"button\"><div class=\"uagb-button__link\">Conoce m\u00e1s<\/div><\/a><\/div><\/div>\n<\/div><\/div>\n<\/div><\/div>\n\n\n\n<div class=\"wp-block-uagb-container uagb-block-a32666d1 alignfull uagb-is-root-container\"><div class=\"uagb-container-inner-blocks-wrap\">\n<div class=\"wp-block-uagb-container uagb-block-7c076fad\">\n<div class=\"wp-block-uagb-advanced-heading uagb-block-e767b356\"><h3 class=\"uagb-heading-text\">    Servicios<\/h3><\/div>\n\n\n\n<div class=\"wp-block-uagb-advanced-heading uagb-block-720928e5\"><h5 class=\"uagb-heading-text\">Individuales o planes grupales<\/h5><div class=\"uagb-separator\"><\/div><\/div>\n<\/div>\n\n\n\n<div class=\"wp-block-uagb-container uagb-block-cd0ed259\"><\/div>\n\n\n\n<div class=\"wp-block-uagb-container uagb-block-4de4a5a9\">\n<div class=\"wp-block-uagb-container uagb-block-e5699de0 alignfull uagb-is-root-container\"><div class=\"uagb-container-inner-blocks-wrap\">\n<div class=\"wp-block-uagb-container uagb-block-266436e8\">\n<div class=\"wp-block-uagb-advanced-heading uagb-block-d4fa38c0\"><h2 class=\"uagb-heading-text\">1<\/h2><\/div>\n<\/div>\n\n\n\n<div class=\"wp-block-uagb-container uagb-block-c806e368\">\n<div class=\"wp-block-uagb-advanced-heading uagb-block-1930e19a\"><h4 class=\"uagb-heading-text\">Libro de clases virtual  Institucional<\/h4><p class=\"uagb-desc-text\">Sistema de gesti\u00f3n escolar seg\u00fan requerimientos de MINEDUC con registro de calificaciones, planificaci\u00f3n, monitoreo de los estudiantes entre otros.<\/p><\/div>\n<\/div>\n<\/div><\/div>\n\n\n\n<div class=\"wp-block-uagb-container uagb-block-2fbeb037 alignfull uagb-is-root-container\"><div class=\"uagb-container-inner-blocks-wrap\">\n<div class=\"wp-block-uagb-container uagb-block-d84d5c16\">\n<div class=\"wp-block-uagb-advanced-heading uagb-block-d3ad5f46\"><h2 class=\"uagb-heading-text\">2<\/h2><\/div>\n<\/div>\n\n\n\n<div class=\"wp-block-uagb-container uagb-block-cfd0505e\">\n<div class=\"wp-block-uagb-advanced-heading uagb-block-d364d616\"><h4 class=\"uagb-heading-text\">Plataforma e-learning Moodle personalizada<\/h4><p class=\"uagb-desc-text\">Servicio de implementaci\u00f3n, capacitaci\u00f3n y mantenimiento de plataforma Moodle y actividades interactivas con H5P e IA.<\/p><\/div>\n<\/div>\n<\/div><\/div>\n\n\n\n<div class=\"wp-block-uagb-container uagb-block-f39587a3 alignfull uagb-is-root-container\"><div class=\"uagb-container-inner-blocks-wrap\">\n<div class=\"wp-block-uagb-container uagb-block-27250d6f\">\n<div class=\"wp-block-uagb-advanced-heading uagb-block-05bd15af\"><h2 class=\"uagb-heading-text\">3<\/h2><\/div>\n<\/div>\n\n\n\n<div class=\"wp-block-uagb-container uagb-block-c480f3d1\">\n<div class=\"wp-block-uagb-advanced-heading uagb-block-4382b45a\"><h4 class=\"uagb-heading-text\">Sitio Web institucional<\/h4><p class=\"uagb-desc-text\">Instalaci\u00f3n y dise\u00f1o de Sitio Web personalizado para cada instituci\u00f3n con conexi\u00f3n a sus redes sociales, moodle y libro de clase virtual. <\/p><\/div>\n<\/div>\n<\/div><\/div>\n<\/div>\n<\/div><\/div>\n\n\n\n<div class=\"wp-block-uagb-container uagb-block-30996a51 alignfull uagb-is-root-container\"><div class=\"uagb-container-inner-blocks-wrap\">\n<div class=\"wp-block-uagb-container uagb-block-51b8b23e default uagb-is-root-container\">\n<div class=\"wp-block-uagb-container uagb-block-a72fdf8b\">\n<div class=\"wp-block-uagb-info-box uagb-block-1f71a12b uagb-infobox__content-wrap  uagb-infobox-icon-above-title uagb-infobox-image-valign-top\"><div class=\"uagb-ifb-content\"><div class=\"uagb-ifb-icon-wrap\"><div class=\"uagb-iconbox-icon-wrap uagb-infobox-shape-circle\"><svg xmlns=\"https:\/\/www.w3.org\/2000\/svg\" viewBox=\"0 0 640 512\"><path d=\"M623.1 136.9l-282.7-101.2c-13.73-4.91-28.7-4.91-42.43 0L16.05 136.9C6.438 140.4 0 149.6 0 160s6.438 19.65 16.05 23.09L76.07 204.6c-11.89 15.8-20.26 34.16-24.55 53.95C40.05 263.4 32 274.8 32 288c0 9.953 4.814 18.49 11.94 24.36l-24.83 149C17.48 471.1 25 480 34.89 480H93.11c9.887 0 17.41-8.879 15.78-18.63l-24.83-149C91.19 306.5 96 297.1 96 288c0-10.29-5.174-19.03-12.72-24.89c4.252-17.76 12.88-33.82 24.94-47.03l190.6 68.23c13.73 4.91 28.7 4.91 42.43 0l282.7-101.2C633.6 179.6 640 170.4 640 160S633.6 140.4 623.1 136.9zM351.1 314.4C341.7 318.1 330.9 320 320 320c-10.92 0-21.69-1.867-32-5.555L142.8 262.5L128 405.3C128 446.6 213.1 480 320 480c105.1 0 192-33.4 192-74.67l-14.78-142.9L351.1 314.4z\"><\/path><\/svg><\/div><\/div><div class=\"uagb-ifb-title-wrap\"><h4 class=\"uagb-ifb-title\">Capacitaci\u00f3n<\/h4><\/div><p class=\"uagb-ifb-desc\">Incluimos capacitaci\u00f3n en el uso de las plataformas Moodle, H5P y libro virtual.<\/p><\/div><\/div>\n<\/div>\n\n\n\n<div class=\"wp-block-uagb-container uagb-block-89a1c28e\">\n<div class=\"wp-block-uagb-info-box uagb-block-26f17dd5 uagb-infobox__content-wrap  uagb-infobox-icon-above-title uagb-infobox-image-valign-top\"><div class=\"uagb-ifb-content\"><div class=\"uagb-ifb-icon-wrap\"><div class=\"uagb-iconbox-icon-wrap uagb-infobox-shape-circle\"><svg xmlns=\"https:\/\/www.w3.org\/2000\/svg\" viewBox=\"0 0 640 512\"><path d=\"M622.3 271.1l-115.1-45.01c-4.125-1.629-12.62-3.754-22.25 0L369.8 271.1C359 275.2 352 285.1 352 295.1c0 111.6 68.75 188.8 132.9 213.9c9.625 3.75 18 1.625 22.25 0C558.4 489.9 640 420.5 640 295.1C640 285.1 633 275.2 622.3 271.1zM496 462.4V273.2l95.5 37.38C585.9 397.8 530.6 446 496 462.4zM224 256c70.7 0 128-57.31 128-128S294.7 0 224 0C153.3 0 96 57.31 96 128S153.3 256 224 256zM320.6 310.3C305.9 306.3 290.6 304 274.7 304H173.3C77.61 304 0 381.7 0 477.4C0 496.5 15.52 512 34.66 512H413.3c3.143 0 5.967-1.004 8.861-1.789C369.7 469.8 324.1 400.3 320.6 310.3z\"><\/path><\/svg><\/div><\/div><div class=\"uagb-ifb-title-wrap\"><h4 class=\"uagb-ifb-title\">Usuarios<\/h4><\/div><p class=\"uagb-ifb-desc\">Diferentes niveles de usuario: administrador, profesor, alumno, apoderados, etc.<\/p><\/div><\/div>\n<\/div>\n\n\n\n<div class=\"wp-block-uagb-container uagb-block-86d19cd6\">\n<div class=\"wp-block-uagb-info-box uagb-block-e07d54c3 uagb-infobox__content-wrap  uagb-infobox-icon-above-title uagb-infobox-image-valign-top\"><div class=\"uagb-ifb-content\"><div class=\"uagb-ifb-icon-wrap\"><div class=\"uagb-iconbox-icon-wrap uagb-infobox-shape-circle\"><svg xmlns=\"https:\/\/www.w3.org\/2000\/svg\" viewBox=\"0 0 512 512\"><path d=\"M0 219.2v212.5c0 14.25 11.62 26.25 26.5 27C75.32 461.2 180.2 471.3 240 511.9V245.2C181.4 205.5 79.99 194.8 29.84 192C13.59 191.1 0 203.6 0 219.2zM482.2 192c-50.09 2.848-151.3 13.47-209.1 53.09C272.1 245.2 272 245.3 272 245.5v266.5c60.04-40.39 164.7-50.76 213.5-53.28C500.4 457.9 512 445.9 512 431.7V219.2C512 203.6 498.4 191.1 482.2 192zM352 96c0-53-43-96-96-96S160 43 160 96s43 96 96 96S352 149 352 96z\"><\/path><\/svg><\/div><\/div><div class=\"uagb-ifb-title-wrap\"><h4 class=\"uagb-ifb-title\">Interactividad <\/h4><\/div><p class=\"uagb-ifb-desc\">Lecciones interactivas y gamificaci\u00f3n con integraci\u00f3n H5P e IA en plataforma Moodle.<\/p><\/div><\/div>\n<\/div>\n\n\n\n<div class=\"wp-block-uagb-container uagb-block-b2a44c52\">\n<div class=\"wp-block-uagb-info-box uagb-block-e3f4a069 uagb-infobox__content-wrap  uagb-infobox-icon-above-title uagb-infobox-image-valign-top\"><div class=\"uagb-ifb-content\"><div class=\"uagb-ifb-icon-wrap\"><div class=\"uagb-iconbox-icon-wrap uagb-infobox-shape-circle\"><svg xmlns=\"https:\/\/www.w3.org\/2000\/svg\" viewBox=\"0 0 320 512\"><path d=\"M160 0C177.7 0 192 14.33 192 32V67.68C193.6 67.89 195.1 68.12 196.7 68.35C207.3 69.93 238.9 75.02 251.9 78.31C268.1 82.65 279.4 100.1 275 117.2C270.7 134.3 253.3 144.7 236.1 140.4C226.8 137.1 198.5 133.3 187.3 131.7C155.2 126.9 127.7 129.3 108.8 136.5C90.52 143.5 82.93 153.4 80.92 164.5C78.98 175.2 80.45 181.3 82.21 185.1C84.1 189.1 87.79 193.6 95.14 198.5C111.4 209.2 136.2 216.4 168.4 225.1L171.2 225.9C199.6 233.6 234.4 243.1 260.2 260.2C274.3 269.6 287.6 282.3 295.8 299.9C304.1 317.7 305.9 337.7 302.1 358.1C295.1 397 268.1 422.4 236.4 435.6C222.8 441.2 207.8 444.8 192 446.6V480C192 497.7 177.7 512 160 512C142.3 512 128 497.7 128 480V445.1C127.6 445.1 127.1 444.1 126.7 444.9L126.5 444.9C102.2 441.1 62.07 430.6 35 418.6C18.85 411.4 11.58 392.5 18.76 376.3C25.94 360.2 44.85 352.9 60.1 360.1C81.9 369.4 116.3 378.5 136.2 381.6C168.2 386.4 194.5 383.6 212.3 376.4C229.2 369.5 236.9 359.5 239.1 347.5C241 336.8 239.6 330.7 237.8 326.9C235.9 322.9 232.2 318.4 224.9 313.5C208.6 302.8 183.8 295.6 151.6 286.9L148.8 286.1C120.4 278.4 85.58 268.9 59.76 251.8C45.65 242.4 32.43 229.7 24.22 212.1C15.89 194.3 14.08 174.3 17.95 153C25.03 114.1 53.05 89.29 85.96 76.73C98.98 71.76 113.1 68.49 128 66.73V32C128 14.33 142.3 0 160 0V0z\"><\/path><\/svg><\/div><\/div><div class=\"uagb-ifb-title-wrap\"><h4 class=\"uagb-ifb-title\">Valores <\/h4><\/div><p class=\"uagb-ifb-desc\">Valores accesibles para instituciones dependiendo de los planes <\/p><\/div><\/div>\n<\/div>\n<\/div>\n<\/div><\/div>\n\n\n\n<div class=\"wp-block-uagb-container uagb-block-f669e537 alignfull uagb-is-root-container\"><div class=\"uagb-container-inner-blocks-wrap\"><\/div><\/div>\n\n\n\n<div class=\"wp-block-uagb-container uagb-block-c3fed4a9 alignfull uagb-is-root-container\"><div class=\"uagb-container-inner-blocks-wrap\">\n<div class=\"wp-block-uagb-container uagb-block-3302537b\">\n<div class=\"wp-block-uagb-advanced-heading uagb-block-b8c214c1\"><h5 class=\"uagb-heading-text\">Educapro<\/h5><\/div>\n\n\n\n<div class=\"wp-block-uagb-advanced-heading uagb-block-125c61d6\"><h2 class=\"uagb-heading-text\">Educapro: Aprendizaje virtual a tu alcance!<\/h2><\/div>\n\n\n\n<div class=\"wp-block-uagb-buttons uagb-buttons__outer-wrap uagb-btn__default-btn uagb-btn-tablet__default-btn uagb-btn-mobile__default-btn uagb-block-9af039d2\"><div class=\"uagb-buttons__wrap uagb-buttons-layout-wrap \">\n<div class=\"wp-block-uagb-buttons-child uagb-buttons__outer-wrap uagb-block-9c2e0d2b wp-block-button\"><div class=\"uagb-button__wrapper\"><a class=\"uagb-buttons-repeater wp-block-button__link\" aria-label=\"\" href=\"https:\/\/educapro.cl\/edp\/contact\/\" rel=\"follow noopener\" target=\"_self\" role=\"button\"><div class=\"uagb-button__link\">Ver m\u00e1s<\/div><\/a><\/div><\/div>\n<\/div><\/div>\n<\/div>\n<\/div><\/div>\n","protected":false},"excerpt":{"rendered":"<p>LMS Moodle y H5P Aula virtual y plataforma educacional interactiva Libro de Clases Virtual Seg\u00fan requerimientos de MINEDUC Dise\u00f1o de Sitio Web Implementaci\u00f3n de Sitio Web Institucional Servicios Individuales o planes grupales 1 Libro de clases virtual Institucional Sistema de gesti\u00f3n escolar seg\u00fan requerimientos de MINEDUC con registro de calificaciones, planificaci\u00f3n, monitoreo de los estudiantes [&hellip;]<\/p>\n","protected":false},"author":1,"featured_media":0,"parent":0,"menu_order":0,"comment_status":"closed","ping_status":"closed","template":"","meta":{"_uag_custom_page_level_css":"","site-sidebar-layout":"no-sidebar","site-content-layout":"page-builder","ast-site-content-layout":"full-width-container","site-content-style":"unboxed","site-sidebar-style":"unboxed","ast-global-header-display":"","ast-banner-title-visibility":"","ast-main-header-display":"","ast-hfb-above-header-display":"","ast-hfb-below-header-display":"","ast-hfb-mobile-header-display":"","site-post-title":"disabled","ast-breadcrumbs-content":"","ast-featured-img":"disabled","footer-sml-layout":"","theme-transparent-header-meta":"enabled","adv-header-id-meta":"","stick-header-meta":"","header-above-stick-meta":"","header-main-stick-meta":"","header-below-stick-meta":"","astra-migrate-meta-layouts":"set","ast-page-background-enabled":"default","ast-page-background-meta":{"desktop":{"background-color":"","background-image":"","background-repeat":"repeat","background-position":"center center","background-size":"auto","background-attachment":"scroll","background-type":"","background-media":"","overlay-type":"","overlay-color":"","overlay-opacity":"","overlay-gradient":""},"tablet":{"background-color":"","background-image":"","background-repeat":"repeat","background-position":"center center","background-size":"auto","background-attachment":"scroll","background-type":"","background-media":"","overlay-type":"","overlay-color":"","overlay-opacity":"","overlay-gradient":""},"mobile":{"background-color":"","background-image":"","background-repeat":"repeat","background-position":"center center","background-size":"auto","background-attachment":"scroll","background-type":"","background-media":"","overlay-type":"","overlay-color":"","overlay-opacity":"","overlay-gradient":""}},"ast-content-background-meta":{"desktop":{"background-color":"var(--ast-global-color-5)","background-image":"","background-repeat":"repeat","background-position":"center center","background-size":"auto","background-attachment":"scroll","background-type":"","background-media":"","overlay-type":"","overlay-color":"","overlay-opacity":"","overlay-gradient":""},"tablet":{"background-color":"var(--ast-global-color-5)","background-image":"","background-repeat":"repeat","background-position":"center center","background-size":"auto","background-attachment":"scroll","background-type":"","background-media":"","overlay-type":"","overlay-color":"","overlay-opacity":"","overlay-gradient":""},"mobile":{"background-color":"var(--ast-global-color-5)","background-image":"","background-repeat":"repeat","background-position":"center center","background-size":"auto","background-attachment":"scroll","background-type":"","background-media":"","overlay-type":"","overlay-color":"","overlay-opacity":"","overlay-gradient":""}},"footnotes":""},"class_list":["post-320","page","type-page","status-publish","hentry"],"uagb_featured_image_src":{"full":false,"thumbnail":false,"medium":false,"medium_large":false,"large":false,"1536x1536":false,"2048x2048":false},"uagb_author_info":{"display_name":"admin","author_link":"https:\/\/educapro.cl\/edp\/author\/admin\/"},"uagb_comment_info":0,"uagb_excerpt":"LMS Moodle y H5P Aula virtual y plataforma educacional interactiva Libro de Clases Virtual Seg\u00fan requerimientos de MINEDUC Dise\u00f1o de Sitio Web Implementaci\u00f3n de Sitio Web Institucional Servicios Individuales o planes grupales 1 Libro de clases virtual Institucional Sistema de gesti\u00f3n escolar seg\u00fan requerimientos de MINEDUC con registro de calificaciones, planificaci\u00f3n, monitoreo de los estudiantes&hellip;","_links":{"self":[{"href":"https:\/\/educapro.cl\/edp\/wp-json\/wp\/v2\/pages\/320","targetHints":{"allow":["GET"]}}],"collection":[{"href":"https:\/\/educapro.cl\/edp\/wp-json\/wp\/v2\/pages"}],"about":[{"href":"https:\/\/educapro.cl\/edp\/wp-json\/wp\/v2\/types\/page"}],"author":[{"embeddable":true,"href":"https:\/\/educapro.cl\/edp\/wp-json\/wp\/v2\/users\/1"}],"replies":[{"embeddable":true,"href":"https:\/\/educapro.cl\/edp\/wp-json\/wp\/v2\/comments?post=320"}],"version-history":[{"count":89,"href":"https:\/\/educapro.cl\/edp\/wp-json\/wp\/v2\/pages\/320\/revisions"}],"predecessor-version":[{"id":1827,"href":"https:\/\/educapro.cl\/edp\/wp-json\/wp\/v2\/pages\/320\/revisions\/1827"}],"wp:attachment":[{"href":"https:\/\/educapro.cl\/edp\/wp-json\/wp\/v2\/media?parent=320"}],"curies":[{"name":"wp","href":"https:\/\/api.w.org\/{rel}","templated":true}]}}