{"id":1607,"date":"2024-06-29T01:10:20","date_gmt":"2024-06-28T23:10:20","guid":{"rendered":"https:\/\/educapro.cl\/edp\/?page_id=1607"},"modified":"2024-10-01T06:28:31","modified_gmt":"2024-10-01T04:28:31","slug":"nosotros","status":"publish","type":"page","link":"https:\/\/educapro.cl\/edp\/nosotros\/","title":{"rendered":"Nosotros"},"content":{"rendered":"\n<div class=\"wp-block-uagb-container uagb-block-008591ee alignfull uagb-is-root-container\"><div class=\"uagb-container-inner-blocks-wrap\">\n<div class=\"wp-block-uagb-container uagb-block-54864b48\">\n<div class=\"wp-block-uagb-advanced-heading uagb-block-8a8dfec7\"><h2 class=\"uagb-heading-text\">Sobre Nosotros\u200b<\/h2><\/div>\n\n\n\n<div class=\"wp-block-uagb-advanced-heading uagb-block-fee5d9a2\"><h3 class=\"uagb-heading-text\">\u00abTransformamos la educaci\u00f3n a trav\u00e9s de la tecnolog\u00eda\u00bb<\/h3><\/div>\n<\/div>\n<\/div><\/div>\n\n\n\n<div class=\"wp-block-uagb-container uagb-block-c680f108 alignfull uagb-is-root-container\"><div class=\"uagb-container-inner-blocks-wrap\">\n<div class=\"wp-block-uagb-container uagb-block-963c4728\">\n<div class=\"wp-block-media-text is-stacked-on-mobile\"><figure class=\"wp-block-media-text__media\"><img loading=\"lazy\" decoding=\"async\" width=\"800\" height=\"600\" src=\"https:\/\/educapro.cl\/edp\/wp-content\/uploads\/2024\/06\/villarrica1.jpg\" alt=\"\" class=\"wp-image-1593 size-full\" srcset=\"https:\/\/educapro.cl\/edp\/wp-content\/uploads\/2024\/06\/villarrica1.jpg 800w, https:\/\/educapro.cl\/edp\/wp-content\/uploads\/2024\/06\/villarrica1-300x225.jpg 300w, https:\/\/educapro.cl\/edp\/wp-content\/uploads\/2024\/06\/villarrica1-768x576.jpg 768w\" sizes=\"auto, (max-width: 800px) 100vw, 800px\" \/><\/figure><div class=\"wp-block-media-text__content\">\n<p><\/p>\n\n\n\n<p><\/p>\n\n\n\n<div class=\"wp-block-uagb-advanced-heading uagb-block-110e2837\"><h3 class=\"uagb-heading-text\">Nuestra Misi\u00f3n<\/h3><\/div>\n\n\n\n<p><\/p>\n\n\n\n<div class=\"wp-block-uagb-advanced-heading uagb-block-f038c2d7\"><h5 class=\"uagb-heading-text\">En nuestra empresa, ubicada en la hermosa ciudad de Villarrica, nos dedicamos a transformar la educaci\u00f3n mediante soluciones tecnol\u00f3gicas innovadoras. Nuestra misi\u00f3n es proporcionar herramientas educativas avanzadas y accesibles que faciliten el aprendizaje y la gesti\u00f3n educativa en la zona.<\/h5><\/div>\n\n\n\n<div class=\"wp-block-uagb-advanced-heading uagb-block-d2e3761a\"><\/div>\n\n\n\n<p><\/p>\n\n\n\n<p><\/p>\n<\/div><\/div>\n\n\n\n<div class=\"wp-block-uagb-container uagb-block-8e5f660b alignfull uagb-is-root-container\"><div class=\"uagb-container-inner-blocks-wrap\"><\/div><\/div>\n\n\n\n<div class=\"wp-block-media-text has-media-on-the-right is-stacked-on-mobile\"><div class=\"wp-block-media-text__content\">\n<p><\/p>\n\n\n\n<p><\/p>\n\n\n\n<div class=\"wp-block-uagb-advanced-heading uagb-block-ecd63f86\"><h3 class=\"uagb-heading-text\">Qui\u00e9nes somos<\/h3><\/div>\n\n\n\n<p><\/p>\n\n\n\n<div class=\"wp-block-uagb-advanced-heading uagb-block-a765941e\"><h5 class=\"uagb-heading-text\">Somos especialistas en la instalaci\u00f3n y mantenci\u00f3n de aulas virtuales Moodle con integraci\u00f3n de H5P, ofreciendo a las instituciones educativas una plataforma robusta y din\u00e1mica que enriquece la experiencia de aprendizaje de los estudiantes. Nuestro equipo est\u00e1 comprometido en brindar un servicio personalizado y de alta calidad, asegurando que cada proyecto se adapte a las necesidades espec\u00edficas de nuestros clientes.<\/h5><\/div>\n\n\n\n<div class=\"wp-block-uagb-advanced-heading uagb-block-c3195513\"><\/div>\n\n\n\n<p><\/p>\n\n\n\n<p><\/p>\n<\/div><figure class=\"wp-block-media-text__media\"><img loading=\"lazy\" decoding=\"async\" width=\"1024\" height=\"683\" src=\"https:\/\/educapro.cl\/edp\/wp-content\/uploads\/2024\/06\/young-woman-helping-her-friend-study-session-1024x683.jpg\" alt=\"\" class=\"wp-image-1557 size-full\" srcset=\"https:\/\/educapro.cl\/edp\/wp-content\/uploads\/2024\/06\/young-woman-helping-her-friend-study-session-1024x683.jpg 1024w, https:\/\/educapro.cl\/edp\/wp-content\/uploads\/2024\/06\/young-woman-helping-her-friend-study-session-300x200.jpg 300w, https:\/\/educapro.cl\/edp\/wp-content\/uploads\/2024\/06\/young-woman-helping-her-friend-study-session-768x512.jpg 768w, https:\/\/educapro.cl\/edp\/wp-content\/uploads\/2024\/06\/young-woman-helping-her-friend-study-session-1536x1024.jpg 1536w, https:\/\/educapro.cl\/edp\/wp-content\/uploads\/2024\/06\/young-woman-helping-her-friend-study-session-2048x1365.jpg 2048w\" sizes=\"auto, (max-width: 1024px) 100vw, 1024px\" \/><\/figure><\/div>\n\n\n\n<div class=\"wp-block-uagb-container uagb-block-e3a995cc\">\n<div class=\"wp-block-uagb-container uagb-block-bd0107c1 alignfull uagb-is-root-container\"><div class=\"uagb-container-inner-blocks-wrap\"><\/div><\/div>\n\n\n\n<div class=\"wp-block-uagb-advanced-heading uagb-block-c9883b3b\"><h3 class=\"uagb-heading-text\">Nuestros valores<\/h3><\/div>\n\n\n\n<div class=\"wp-block-uagb-container uagb-block-6277c85b alignfull uagb-is-root-container\"><div class=\"uagb-container-inner-blocks-wrap\">\n<div class=\"wp-block-uagb-icon-list uagb-block-bf11395a\"><div class=\"uagb-icon-list__wrap\">\n<div class=\"wp-block-uagb-icon-list-child uagb-block-570980ea\"><span class=\"uagb-icon-list__source-wrap\"><svg xmlns=\"https:\/\/www.w3.org\/2000\/svg\" viewBox=\"0 0 512 512\"><path d=\"M128 447.1V223.1c0-17.67-14.33-31.1-32-31.1H32c-17.67 0-32 14.33-32 31.1v223.1c0 17.67 14.33 31.1 32 31.1h64C113.7 479.1 128 465.6 128 447.1zM512 224.1c0-26.5-21.48-47.98-48-47.98h-146.5c22.77-37.91 34.52-80.88 34.52-96.02C352 56.52 333.5 32 302.5 32c-63.13 0-26.36 76.15-108.2 141.6L178 186.6C166.2 196.1 160.2 210 160.1 224c-.0234 .0234 0 0 0 0L160 384c0 15.1 7.113 29.33 19.2 38.39l34.14 25.59C241 468.8 274.7 480 309.3 480H368c26.52 0 48-21.47 48-47.98c0-3.635-.4805-7.143-1.246-10.55C434 415.2 448 397.4 448 376c0-9.148-2.697-17.61-7.139-24.88C463.1 347 480 327.5 480 304.1c0-12.5-4.893-23.78-12.72-32.32C492.2 270.1 512 249.5 512 224.1z\"><\/path><\/svg><\/span><span class=\"uagb-icon-list__label\"><strong>Innovaci\u00f3n:<\/strong> Nos esforzamos por estar a la vanguardia de la tecnolog\u00eda educativa.<\/span><\/div>\n\n\n\n<div class=\"wp-block-uagb-icon-list-child uagb-block-a5609455\"><\/div>\n\n\n\n<div class=\"wp-block-uagb-icon-list-child uagb-block-7ad0c0a6\"><span class=\"uagb-icon-list__source-wrap\"><svg xmlns=\"https:\/\/www.w3.org\/2000\/svg\" viewBox=\"0 0 512 512\"><path d=\"M128 447.1V223.1c0-17.67-14.33-31.1-32-31.1H32c-17.67 0-32 14.33-32 31.1v223.1c0 17.67 14.33 31.1 32 31.1h64C113.7 479.1 128 465.6 128 447.1zM512 224.1c0-26.5-21.48-47.98-48-47.98h-146.5c22.77-37.91 34.52-80.88 34.52-96.02C352 56.52 333.5 32 302.5 32c-63.13 0-26.36 76.15-108.2 141.6L178 186.6C166.2 196.1 160.2 210 160.1 224c-.0234 .0234 0 0 0 0L160 384c0 15.1 7.113 29.33 19.2 38.39l34.14 25.59C241 468.8 274.7 480 309.3 480H368c26.52 0 48-21.47 48-47.98c0-3.635-.4805-7.143-1.246-10.55C434 415.2 448 397.4 448 376c0-9.148-2.697-17.61-7.139-24.88C463.1 347 480 327.5 480 304.1c0-12.5-4.893-23.78-12.72-32.32C492.2 270.1 512 249.5 512 224.1z\"><\/path><\/svg><\/span><span class=\"uagb-icon-list__label\"><strong>Calidad:<\/strong> Garantizamos servicios de alta calidad adaptados a las necesidades de nuestros clientes.<\/span><\/div>\n\n\n\n<div class=\"wp-block-uagb-icon-list-child uagb-block-d8508573\"><\/div>\n\n\n\n<div class=\"wp-block-uagb-icon-list-child uagb-block-411bc5c9\"><span class=\"uagb-icon-list__source-wrap\"><svg xmlns=\"https:\/\/www.w3.org\/2000\/svg\" viewBox=\"0 0 512 512\"><path d=\"M128 447.1V223.1c0-17.67-14.33-31.1-32-31.1H32c-17.67 0-32 14.33-32 31.1v223.1c0 17.67 14.33 31.1 32 31.1h64C113.7 479.1 128 465.6 128 447.1zM512 224.1c0-26.5-21.48-47.98-48-47.98h-146.5c22.77-37.91 34.52-80.88 34.52-96.02C352 56.52 333.5 32 302.5 32c-63.13 0-26.36 76.15-108.2 141.6L178 186.6C166.2 196.1 160.2 210 160.1 224c-.0234 .0234 0 0 0 0L160 384c0 15.1 7.113 29.33 19.2 38.39l34.14 25.59C241 468.8 274.7 480 309.3 480H368c26.52 0 48-21.47 48-47.98c0-3.635-.4805-7.143-1.246-10.55C434 415.2 448 397.4 448 376c0-9.148-2.697-17.61-7.139-24.88C463.1 347 480 327.5 480 304.1c0-12.5-4.893-23.78-12.72-32.32C492.2 270.1 512 249.5 512 224.1z\"><\/path><\/svg><\/span><span class=\"uagb-icon-list__label\"><strong>Compromiso:<\/strong> Estamos dedicados a mejorar continuamente y a ofrecer el mejor soporte a nuestras instituciones educativas.<\/span><\/div>\n<\/div><\/div>\n<\/div><\/div>\n<\/div>\n\n\n\n<div class=\"wp-block-uagb-container uagb-block-f6875493\"><\/div>\n<\/div>\n<\/div><\/div>\n\n\n\n<ul class=\"wp-block-list\">\n<li><\/li>\n<\/ul>\n\n\n\n<div class=\"wp-block-uagb-container uagb-block-d7548786 alignfull uagb-is-root-container\"><div class=\"uagb-container-inner-blocks-wrap\">\n<div class=\"wp-block-uagb-container uagb-block-3302537b\">\n<div class=\"wp-block-uagb-advanced-heading uagb-block-b8c214c1\"><h5 class=\"uagb-heading-text\">educapro<\/h5><\/div>\n\n\n\n<div class=\"wp-block-uagb-info-box uagb-block-60f46c42 uagb-infobox__content-wrap  uagb-infobox-icon-above-title uagb-infobox-image-valign-top\"><div class=\"uagb-ifb-content\"><div class=\"uagb-ifb-title-wrap\"><h2 class=\"uagb-ifb-title\">Moodle: Aprendizaje virtual a tu alcance!<\/h2><\/div><div class=\"uagb-ifb-button-wrapper wp-block-button\"><a href=\"#\" class=\"uagb-infobox-cta-link wp-block-button__link\" target=\"_self\" rel=\"noopener noreferrer\" onclick=\"return false;\"><span class=\"uagb-inline-editing\">Leer m\u00e1s<\/span><\/a><\/div><\/div><\/div>\n<\/div>\n<\/div><\/div>\n","protected":false},"excerpt":{"rendered":"<p>Sobre Nosotros\u200b \u00abTransformamos la educaci\u00f3n a trav\u00e9s de la tecnolog\u00eda\u00bb Nuestra Misi\u00f3n En nuestra empresa, ubicada en la hermosa ciudad de Villarrica, nos dedicamos a transformar la educaci\u00f3n mediante soluciones tecnol\u00f3gicas innovadoras. Nuestra misi\u00f3n es proporcionar herramientas educativas avanzadas y accesibles que faciliten el aprendizaje y la gesti\u00f3n educativa en la zona. Qui\u00e9nes somos Somos [&hellip;]<\/p>\n","protected":false},"author":1,"featured_media":0,"parent":0,"menu_order":0,"comment_status":"closed","ping_status":"closed","template":"","meta":{"_uag_custom_page_level_css":"","site-sidebar-layout":"no-sidebar","site-content-layout":"page-builder","ast-site-content-layout":"full-width-container","site-content-style":"unboxed","site-sidebar-style":"unboxed","ast-global-header-display":"","ast-banner-title-visibility":"","ast-main-header-display":"","ast-hfb-above-header-display":"","ast-hfb-below-header-display":"","ast-hfb-mobile-header-display":"","site-post-title":"disabled","ast-breadcrumbs-content":"","ast-featured-img":"disabled","footer-sml-layout":"","theme-transparent-header-meta":"enabled","adv-header-id-meta":"","stick-header-meta":"","header-above-stick-meta":"","header-main-stick-meta":"","header-below-stick-meta":"","astra-migrate-meta-layouts":"set","ast-page-background-enabled":"default","ast-page-background-meta":{"desktop":{"background-color":"","background-image":"","background-repeat":"repeat","background-position":"center center","background-size":"auto","background-attachment":"scroll","background-type":"","background-media":"","overlay-type":"","overlay-color":"","overlay-opacity":"","overlay-gradient":""},"tablet":{"background-color":"","background-image":"","background-repeat":"repeat","background-position":"center center","background-size":"auto","background-attachment":"scroll","background-type":"","background-media":"","overlay-type":"","overlay-color":"","overlay-opacity":"","overlay-gradient":""},"mobile":{"background-color":"","background-image":"","background-repeat":"repeat","background-position":"center center","background-size":"auto","background-attachment":"scroll","background-type":"","background-media":"","overlay-type":"","overlay-color":"","overlay-opacity":"","overlay-gradient":""}},"ast-content-background-meta":{"desktop":{"background-color":"var(--ast-global-color-5)","background-image":"","background-repeat":"repeat","background-position":"center center","background-size":"auto","background-attachment":"scroll","background-type":"","background-media":"","overlay-type":"","overlay-color":"","overlay-opacity":"","overlay-gradient":""},"tablet":{"background-color":"var(--ast-global-color-5)","background-image":"","background-repeat":"repeat","background-position":"center center","background-size":"auto","background-attachment":"scroll","background-type":"","background-media":"","overlay-type":"","overlay-color":"","overlay-opacity":"","overlay-gradient":""},"mobile":{"background-color":"var(--ast-global-color-5)","background-image":"","background-repeat":"repeat","background-position":"center center","background-size":"auto","background-attachment":"scroll","background-type":"","background-media":"","overlay-type":"","overlay-color":"","overlay-opacity":"","overlay-gradient":""}},"footnotes":""},"class_list":["post-1607","page","type-page","status-publish","hentry"],"uagb_featured_image_src":{"full":false,"thumbnail":false,"medium":false,"medium_large":false,"large":false,"1536x1536":false,"2048x2048":false},"uagb_author_info":{"display_name":"admin","author_link":"https:\/\/educapro.cl\/edp\/author\/admin\/"},"uagb_comment_info":0,"uagb_excerpt":"Sobre Nosotros\u200b \u00abTransformamos la educaci\u00f3n a trav\u00e9s de la tecnolog\u00eda\u00bb Nuestra Misi\u00f3n En nuestra empresa, ubicada en la hermosa ciudad de Villarrica, nos dedicamos a transformar la educaci\u00f3n mediante soluciones tecnol\u00f3gicas innovadoras. Nuestra misi\u00f3n es proporcionar herramientas educativas avanzadas y accesibles que faciliten el aprendizaje y la gesti\u00f3n educativa en la zona. Qui\u00e9nes somos Somos&hellip;","_links":{"self":[{"href":"https:\/\/educapro.cl\/edp\/wp-json\/wp\/v2\/pages\/1607","targetHints":{"allow":["GET"]}}],"collection":[{"href":"https:\/\/educapro.cl\/edp\/wp-json\/wp\/v2\/pages"}],"about":[{"href":"https:\/\/educapro.cl\/edp\/wp-json\/wp\/v2\/types\/page"}],"author":[{"embeddable":true,"href":"https:\/\/educapro.cl\/edp\/wp-json\/wp\/v2\/users\/1"}],"replies":[{"embeddable":true,"href":"https:\/\/educapro.cl\/edp\/wp-json\/wp\/v2\/comments?post=1607"}],"version-history":[{"count":11,"href":"https:\/\/educapro.cl\/edp\/wp-json\/wp\/v2\/pages\/1607\/revisions"}],"predecessor-version":[{"id":1750,"href":"https:\/\/educapro.cl\/edp\/wp-json\/wp\/v2\/pages\/1607\/revisions\/1750"}],"wp:attachment":[{"href":"https:\/\/educapro.cl\/edp\/wp-json\/wp\/v2\/media?parent=1607"}],"curies":[{"name":"wp","href":"https:\/\/api.w.org\/{rel}","templated":true}]}}